{"id":162,"date":"2025-02-26T14:51:18","date_gmt":"2025-02-26T14:51:18","guid":{"rendered":"https:\/\/zealous-goodall.213-199-48-165.plesk.page\/?page_id=162"},"modified":"2025-02-26T16:46:17","modified_gmt":"2025-02-26T16:46:17","slug":"strander","status":"publish","type":"page","link":"https:\/\/losaltos.se\/index.php\/aktiviteter\/strander\/","title":{"rendered":"Strander"},"content":{"rendered":"\n<div class=\"wp-block-cover is-light\" style=\"min-height:184px;aspect-ratio:unset;\"><span aria-hidden=\"true\" class=\"wp-block-cover__background has-background-dim\" style=\"background-color:#9ca2a7\"><\/span><img loading=\"lazy\" decoding=\"async\" width=\"900\" height=\"184\" class=\"wp-block-cover__image-background wp-image-18\" alt=\"Los Altos Strand\" src=\"https:\/\/losaltos.se\/wp-content\/uploads\/2025\/02\/vinjett2.jpg\" data-object-fit=\"cover\" srcset=\"https:\/\/losaltos.se\/wp-content\/uploads\/2025\/02\/vinjett2.jpg 900w, https:\/\/losaltos.se\/wp-content\/uploads\/2025\/02\/vinjett2-300x61.jpg 300w, https:\/\/losaltos.se\/wp-content\/uploads\/2025\/02\/vinjett2-768x157.jpg 768w\" sizes=\"auto, (max-width: 900px) 100vw, 900px\" \/><div class=\"wp-block-cover__inner-container is-layout-constrained wp-block-cover-is-layout-constrained\">\n<p class=\"has-text-align-left has-ast-global-color-4-color has-text-color has-link-color has-large-font-size wp-elements-4ca3fb4fd017ba091829245ea002b803\" style=\"margin-top:0;margin-bottom:0\"><strong>Los Altos<\/strong><\/p>\n\n\n\n<p class=\"has-ast-global-color-4-color has-text-color has-link-color wp-elements-87773715d62714250982c8d6b22f9b41\" style=\"margin-top:0;margin-bottom:0;padding-top:0;padding-bottom:0\"><strong><em>Hyr v\u00e5rt underbara radhus s\u00f6der om Torrevieja<\/em><\/strong><\/p>\n<\/div><\/div>\n\n\n\n<div class=\"wp-block-columns is-layout-flex wp-container-core-columns-is-layout-f1061711 wp-block-columns-is-layout-flex\" style=\"padding-right:var(--wp--preset--spacing--20);padding-left:var(--wp--preset--spacing--20)\">\n<div class=\"wp-block-column is-layout-flow wp-block-column-is-layout-flow\" style=\"flex-basis:66.66%\">\n<h1 class=\"wp-block-heading has-text-align-center\" id=\"h-strander\" style=\"font-size:32px\">Str\u00e4nder<\/h1>\n\n\n\n<p>Costa Blanca \u00e4r k\u00e4nt f\u00f6r sina m\u00e5nga &#8221;bl\u00e5flaggade&#8221; str\u00e4nder. Under h\u00f6gs\u00e4song \u00e4r m\u00e5nga av str\u00e4nderna bekvade av kommunalt anst\u00e4lld personal. F\u00f6rutom de str\u00e4nder vi visar h\u00e4r intill s\u00e5 finns La Zenia, Playa Flamenca och Cabo Roig med flera inom ett par kilometer fr\u00e5n huset.<\/p>\n\n\n\n<p>De allra flesta str\u00e4nderna \u00e4r anpassade f\u00f6r barn och r\u00f6relsehindrade.<\/p>\n<\/div>\n\n\n\n<div class=\"wp-block-column is-layout-flow wp-block-column-is-layout-flow\" style=\"flex-basis:33.33%\">\n<div style=\"height:38px\" aria-hidden=\"true\" class=\"wp-block-spacer\"><\/div>\n\n\n\n<p><a href=\"https:\/\/losaltos.se\/index.php\/aktiviteter\/strander\/punta-prima\">Punta Prima<\/a><\/p>\n\n\n\n<p><a href=\"https:\/\/losaltos.se\/index.php\/aktiviteter\/strander\/la-mata\">La Mata<\/a><\/p>\n\n\n\n<p><a href=\"https:\/\/losaltos.se\/index.php\/aktiviteter\/strander\/playa-del-cura\">Playa del Cura<\/a><\/p>\n<\/div>\n<\/div>\n\n\n\n<p><\/p>\n","protected":false},"excerpt":{"rendered":"<p>Str\u00e4nder Costa Blanca \u00e4r k\u00e4nt f\u00f6r sina m\u00e5nga &#8221;bl\u00e5flaggade&#8221; str\u00e4nder. Under h\u00f6gs\u00e4song \u00e4r m\u00e5nga av str\u00e4nderna bekvade av kommunalt anst\u00e4lld [&hellip;]<\/p>\n","protected":false},"author":1,"featured_media":0,"parent":103,"menu_order":0,"comment_status":"closed","ping_status":"open","template":"","meta":{"site-sidebar-layout":"default","site-content-layout":"","ast-site-content-layout":"","site-content-style":"default","site-sidebar-style":"default","ast-global-header-display":"","ast-banner-title-visibility":"","ast-main-header-display":"","ast-hfb-above-header-display":"","ast-hfb-below-header-display":"","ast-hfb-mobile-header-display":"","site-post-title":"disabled","ast-breadcrumbs-content":"","ast-featured-img":"","footer-sml-layout":"","theme-transparent-header-meta":"","adv-header-id-meta":"","stick-header-meta":"","header-above-stick-meta":"","header-main-stick-meta":"","header-below-stick-meta":"","astra-migrate-meta-layouts":"default","ast-page-background-enabled":"default","ast-page-background-meta":{"desktop":{"background-color":"var(--ast-global-color-5)","background-image":"","background-repeat":"repeat","background-position":"center center","background-size":"auto","background-attachment":"scroll","background-type":"","background-media":"","overlay-type":"","overlay-color":"","overlay-opacity":"","overlay-gradient":""},"tablet":{"background-color":"","background-image":"","background-repeat":"repeat","background-position":"center center","background-size":"auto","background-attachment":"scroll","background-type":"","background-media":"","overlay-type":"","overlay-color":"","overlay-opacity":"","overlay-gradient":""},"mobile":{"background-color":"","background-image":"","background-repeat":"repeat","background-position":"center center","background-size":"auto","background-attachment":"scroll","background-type":"","background-media":"","overlay-type":"","overlay-color":"","overlay-opacity":"","overlay-gradient":""}},"ast-content-background-meta":{"desktop":{"background-color":"var(--ast-global-color-4)","background-image":"","background-repeat":"repeat","background-position":"center center","background-size":"auto","background-attachment":"scroll","background-type":"","background-media":"","overlay-type":"","overlay-color":"","overlay-opacity":"","overlay-gradient":""},"tablet":{"background-color":"var(--ast-global-color-4)","background-image":"","background-repeat":"repeat","background-position":"center center","background-size":"auto","background-attachment":"scroll","background-type":"","background-media":"","overlay-type":"","overlay-color":"","overlay-opacity":"","overlay-gradient":""},"mobile":{"background-color":"var(--ast-global-color-4)","background-image":"","background-repeat":"repeat","background-position":"center center","background-size":"auto","background-attachment":"scroll","background-type":"","background-media":"","overlay-type":"","overlay-color":"","overlay-opacity":"","overlay-gradient":""}},"footnotes":""},"class_list":["post-162","page","type-page","status-publish","hentry"],"yoast_head":"<!-- This site is optimized with the Yoast SEO Premium plugin v24.5 (Yoast SEO v26.0) - https:\/\/yoast.com\/wordpress\/plugins\/seo\/ -->\n<title>Strander - Radhus Uthyres i Torrevieja - Los Altos<\/title>\n<meta name=\"robots\" content=\"index, follow, max-snippet:-1, max-image-preview:large, max-video-preview:-1\" \/>\n<link rel=\"canonical\" href=\"https:\/\/losaltos.se\/index.php\/aktiviteter\/strander\/\" \/>\n<meta property=\"og:locale\" content=\"sv_SE\" \/>\n<meta property=\"og:type\" content=\"article\" \/>\n<meta property=\"og:title\" content=\"Strander\" \/>\n<meta property=\"og:description\" content=\"Str\u00e4nder Costa Blanca \u00e4r k\u00e4nt f\u00f6r sina m\u00e5nga &#8221;bl\u00e5flaggade&#8221; str\u00e4nder. Under h\u00f6gs\u00e4song \u00e4r m\u00e5nga av str\u00e4nderna bekvade av kommunalt anst\u00e4lld [&hellip;]\" \/>\n<meta property=\"og:url\" content=\"https:\/\/losaltos.se\/index.php\/aktiviteter\/strander\/\" \/>\n<meta property=\"og:site_name\" content=\"Radhus Uthyres i Torrevieja - Los Altos\" \/>\n<meta property=\"article:modified_time\" content=\"2025-02-26T16:46:17+00:00\" \/>\n<meta property=\"og:image\" content=\"https:\/\/losaltos.se\/wp-content\/uploads\/2025\/02\/vinjett2.jpg\" \/>\n\t<meta property=\"og:image:width\" content=\"900\" \/>\n\t<meta property=\"og:image:height\" content=\"184\" \/>\n\t<meta property=\"og:image:type\" content=\"image\/jpeg\" \/>\n<meta name=\"twitter:card\" content=\"summary_large_image\" \/>\n<meta name=\"twitter:label1\" content=\"Ber\u00e4knad l\u00e4stid\" \/>\n\t<meta name=\"twitter:data1\" content=\"1 minut\" \/>\n<script type=\"application\/ld+json\" class=\"yoast-schema-graph\">{\"@context\":\"https:\/\/schema.org\",\"@graph\":[{\"@type\":\"WebPage\",\"@id\":\"https:\/\/losaltos.se\/index.php\/aktiviteter\/strander\/\",\"url\":\"https:\/\/losaltos.se\/index.php\/aktiviteter\/strander\/\",\"name\":\"Strander - Radhus Uthyres i Torrevieja - Los Altos\",\"isPartOf\":{\"@id\":\"https:\/\/losaltos.se\/#website\"},\"primaryImageOfPage\":{\"@id\":\"https:\/\/losaltos.se\/index.php\/aktiviteter\/strander\/#primaryimage\"},\"image\":{\"@id\":\"https:\/\/losaltos.se\/index.php\/aktiviteter\/strander\/#primaryimage\"},\"thumbnailUrl\":\"https:\/\/losaltos.se\/wp-content\/uploads\/2025\/02\/vinjett2.jpg\",\"datePublished\":\"2025-02-26T14:51:18+00:00\",\"dateModified\":\"2025-02-26T16:46:17+00:00\",\"breadcrumb\":{\"@id\":\"https:\/\/losaltos.se\/index.php\/aktiviteter\/strander\/#breadcrumb\"},\"inLanguage\":\"sv-SE\",\"potentialAction\":[{\"@type\":\"ReadAction\",\"target\":[\"https:\/\/losaltos.se\/index.php\/aktiviteter\/strander\/\"]}]},{\"@type\":\"ImageObject\",\"inLanguage\":\"sv-SE\",\"@id\":\"https:\/\/losaltos.se\/index.php\/aktiviteter\/strander\/#primaryimage\",\"url\":\"https:\/\/losaltos.se\/wp-content\/uploads\/2025\/02\/vinjett2.jpg\",\"contentUrl\":\"https:\/\/losaltos.se\/wp-content\/uploads\/2025\/02\/vinjett2.jpg\",\"width\":900,\"height\":184,\"caption\":\"Los Altos Strand\"},{\"@type\":\"BreadcrumbList\",\"@id\":\"https:\/\/losaltos.se\/index.php\/aktiviteter\/strander\/#breadcrumb\",\"itemListElement\":[{\"@type\":\"ListItem\",\"position\":1,\"name\":\"Hem\",\"item\":\"https:\/\/losaltos.se\/\"},{\"@type\":\"ListItem\",\"position\":2,\"name\":\"Aktiviteter\",\"item\":\"https:\/\/losaltos.se\/index.php\/aktiviteter\/\"},{\"@type\":\"ListItem\",\"position\":3,\"name\":\"Strander\"}]},{\"@type\":\"WebSite\",\"@id\":\"https:\/\/losaltos.se\/#website\",\"url\":\"https:\/\/losaltos.se\/\",\"name\":\"Radhus Uthyres i Torrevieja - Los Altos\",\"description\":\"\",\"potentialAction\":[{\"@type\":\"SearchAction\",\"target\":{\"@type\":\"EntryPoint\",\"urlTemplate\":\"https:\/\/losaltos.se\/?s={search_term_string}\"},\"query-input\":{\"@type\":\"PropertyValueSpecification\",\"valueRequired\":true,\"valueName\":\"search_term_string\"}}],\"inLanguage\":\"sv-SE\"}]}<\/script>\n<!-- \/ Yoast SEO Premium plugin. -->","yoast_head_json":{"title":"Strander - Radhus Uthyres i Torrevieja - Los Altos","robots":{"index":"index","follow":"follow","max-snippet":"max-snippet:-1","max-image-preview":"max-image-preview:large","max-video-preview":"max-video-preview:-1"},"canonical":"https:\/\/losaltos.se\/index.php\/aktiviteter\/strander\/","og_locale":"sv_SE","og_type":"article","og_title":"Strander","og_description":"Str\u00e4nder Costa Blanca \u00e4r k\u00e4nt f\u00f6r sina m\u00e5nga &#8221;bl\u00e5flaggade&#8221; str\u00e4nder. Under h\u00f6gs\u00e4song \u00e4r m\u00e5nga av str\u00e4nderna bekvade av kommunalt anst\u00e4lld [&hellip;]","og_url":"https:\/\/losaltos.se\/index.php\/aktiviteter\/strander\/","og_site_name":"Radhus Uthyres i Torrevieja - Los Altos","article_modified_time":"2025-02-26T16:46:17+00:00","og_image":[{"width":900,"height":184,"url":"https:\/\/losaltos.se\/wp-content\/uploads\/2025\/02\/vinjett2.jpg","type":"image\/jpeg"}],"twitter_card":"summary_large_image","twitter_misc":{"Ber\u00e4knad l\u00e4stid":"1 minut"},"schema":{"@context":"https:\/\/schema.org","@graph":[{"@type":"WebPage","@id":"https:\/\/losaltos.se\/index.php\/aktiviteter\/strander\/","url":"https:\/\/losaltos.se\/index.php\/aktiviteter\/strander\/","name":"Strander - Radhus Uthyres i Torrevieja - Los Altos","isPartOf":{"@id":"https:\/\/losaltos.se\/#website"},"primaryImageOfPage":{"@id":"https:\/\/losaltos.se\/index.php\/aktiviteter\/strander\/#primaryimage"},"image":{"@id":"https:\/\/losaltos.se\/index.php\/aktiviteter\/strander\/#primaryimage"},"thumbnailUrl":"https:\/\/losaltos.se\/wp-content\/uploads\/2025\/02\/vinjett2.jpg","datePublished":"2025-02-26T14:51:18+00:00","dateModified":"2025-02-26T16:46:17+00:00","breadcrumb":{"@id":"https:\/\/losaltos.se\/index.php\/aktiviteter\/strander\/#breadcrumb"},"inLanguage":"sv-SE","potentialAction":[{"@type":"ReadAction","target":["https:\/\/losaltos.se\/index.php\/aktiviteter\/strander\/"]}]},{"@type":"ImageObject","inLanguage":"sv-SE","@id":"https:\/\/losaltos.se\/index.php\/aktiviteter\/strander\/#primaryimage","url":"https:\/\/losaltos.se\/wp-content\/uploads\/2025\/02\/vinjett2.jpg","contentUrl":"https:\/\/losaltos.se\/wp-content\/uploads\/2025\/02\/vinjett2.jpg","width":900,"height":184,"caption":"Los Altos Strand"},{"@type":"BreadcrumbList","@id":"https:\/\/losaltos.se\/index.php\/aktiviteter\/strander\/#breadcrumb","itemListElement":[{"@type":"ListItem","position":1,"name":"Hem","item":"https:\/\/losaltos.se\/"},{"@type":"ListItem","position":2,"name":"Aktiviteter","item":"https:\/\/losaltos.se\/index.php\/aktiviteter\/"},{"@type":"ListItem","position":3,"name":"Strander"}]},{"@type":"WebSite","@id":"https:\/\/losaltos.se\/#website","url":"https:\/\/losaltos.se\/","name":"Radhus Uthyres i Torrevieja - Los Altos","description":"","potentialAction":[{"@type":"SearchAction","target":{"@type":"EntryPoint","urlTemplate":"https:\/\/losaltos.se\/?s={search_term_string}"},"query-input":{"@type":"PropertyValueSpecification","valueRequired":true,"valueName":"search_term_string"}}],"inLanguage":"sv-SE"}]}},"_links":{"self":[{"href":"https:\/\/losaltos.se\/index.php\/wp-json\/wp\/v2\/pages\/162","targetHints":{"allow":["GET"]}}],"collection":[{"href":"https:\/\/losaltos.se\/index.php\/wp-json\/wp\/v2\/pages"}],"about":[{"href":"https:\/\/losaltos.se\/index.php\/wp-json\/wp\/v2\/types\/page"}],"author":[{"embeddable":true,"href":"https:\/\/losaltos.se\/index.php\/wp-json\/wp\/v2\/users\/1"}],"replies":[{"embeddable":true,"href":"https:\/\/losaltos.se\/index.php\/wp-json\/wp\/v2\/comments?post=162"}],"version-history":[{"count":0,"href":"https:\/\/losaltos.se\/index.php\/wp-json\/wp\/v2\/pages\/162\/revisions"}],"up":[{"embeddable":true,"href":"https:\/\/losaltos.se\/index.php\/wp-json\/wp\/v2\/pages\/103"}],"wp:attachment":[{"href":"https:\/\/losaltos.se\/index.php\/wp-json\/wp\/v2\/media?parent=162"}],"curies":[{"name":"wp","href":"https:\/\/api.w.org\/{rel}","templated":true}]}}