{"id":100,"date":"2025-02-25T17:35:22","date_gmt":"2025-02-25T17:35:22","guid":{"rendered":"https:\/\/zealous-goodall.213-199-48-165.plesk.page\/?page_id=100"},"modified":"2025-02-26T16:22:03","modified_gmt":"2025-02-26T16:22:03","slug":"kontakt","status":"publish","type":"page","link":"https:\/\/losaltos.se\/index.php\/kontakt\/","title":{"rendered":"Kontakt"},"content":{"rendered":"\n<div class=\"wp-block-cover is-light\" style=\"min-height:184px;aspect-ratio:unset;\"><span aria-hidden=\"true\" class=\"wp-block-cover__background has-background-dim\" style=\"background-color:#9ca2a7\"><\/span><img loading=\"lazy\" decoding=\"async\" width=\"900\" height=\"184\" class=\"wp-block-cover__image-background wp-image-18\" alt=\"Los Altos Strand\" src=\"https:\/\/losaltos.se\/wp-content\/uploads\/2025\/02\/vinjett2.jpg\" data-object-fit=\"cover\" srcset=\"https:\/\/losaltos.se\/wp-content\/uploads\/2025\/02\/vinjett2.jpg 900w, https:\/\/losaltos.se\/wp-content\/uploads\/2025\/02\/vinjett2-300x61.jpg 300w, https:\/\/losaltos.se\/wp-content\/uploads\/2025\/02\/vinjett2-768x157.jpg 768w\" sizes=\"auto, (max-width: 900px) 100vw, 900px\" \/><div class=\"wp-block-cover__inner-container is-layout-constrained wp-block-cover-is-layout-constrained\">\n<p class=\"has-text-align-left has-ast-global-color-4-color has-text-color has-link-color has-large-font-size wp-elements-4ca3fb4fd017ba091829245ea002b803\" style=\"margin-top:0;margin-bottom:0\"><strong>Los Altos<\/strong><\/p>\n\n\n\n<p class=\"has-ast-global-color-4-color has-text-color has-link-color wp-elements-87773715d62714250982c8d6b22f9b41\" style=\"margin-top:0;margin-bottom:0;padding-top:0;padding-bottom:0\"><strong><em>Hyr v\u00e5rt underbara radhus s\u00f6der om Torrevieja<\/em><\/strong><\/p>\n<\/div><\/div>\n\n\n\n<div class=\"wp-block-columns is-layout-flex wp-container-core-columns-is-layout-f1061711 wp-block-columns-is-layout-flex\" style=\"padding-right:var(--wp--preset--spacing--20);padding-left:var(--wp--preset--spacing--20)\">\n<div class=\"wp-block-column is-layout-flow wp-block-column-is-layout-flow\" style=\"flex-basis:66.66%\">\n<h1 class=\"wp-block-heading has-text-align-center\" id=\"h-kontakta-oss-garna\" style=\"font-size:32px\">Kontakta oss g\u00e4rna<\/h1>\n\n\n\n<div class=\"wpcf7 no-js\" id=\"wpcf7-f9-o1\" lang=\"sv-SE\" dir=\"ltr\" data-wpcf7-id=\"9\">\n<div class=\"screen-reader-response\"><p role=\"status\" aria-live=\"polite\" aria-atomic=\"true\"><\/p> <ul><\/ul><\/div>\n<form action=\"\/index.php\/wp-json\/wp\/v2\/pages\/100#wpcf7-f9-o1\" method=\"post\" class=\"wpcf7-form init\" aria-label=\"Kontaktformul\u00e4r\" novalidate=\"novalidate\" data-status=\"init\">\n<div style=\"display: none;\">\n<input type=\"hidden\" name=\"_wpcf7\" value=\"9\" \/>\n<input type=\"hidden\" name=\"_wpcf7_version\" value=\"6.0.4\" \/>\n<input type=\"hidden\" name=\"_wpcf7_locale\" value=\"sv_SE\" \/>\n<input type=\"hidden\" name=\"_wpcf7_unit_tag\" value=\"wpcf7-f9-o1\" \/>\n<input type=\"hidden\" name=\"_wpcf7_container_post\" value=\"0\" \/>\n<input type=\"hidden\" name=\"_wpcf7_posted_data_hash\" value=\"\" \/>\n<\/div>\n<p><label> Ditt namn<br \/>\n<span class=\"wpcf7-form-control-wrap\" data-name=\"your-name\"><input size=\"40\" maxlength=\"400\" class=\"wpcf7-form-control wpcf7-text wpcf7-validates-as-required\" autocomplete=\"name\" aria-required=\"true\" aria-invalid=\"false\" value=\"\" type=\"text\" name=\"your-name\" \/><\/span> <\/label>\n<\/p>\n<p><label> Din e-post<br \/>\n<span class=\"wpcf7-form-control-wrap\" data-name=\"your-email\"><input size=\"40\" maxlength=\"400\" class=\"wpcf7-form-control wpcf7-email wpcf7-validates-as-required wpcf7-text wpcf7-validates-as-email\" autocomplete=\"email\" aria-required=\"true\" aria-invalid=\"false\" value=\"\" type=\"email\" name=\"your-email\" \/><\/span> <\/label>\n<\/p>\n<p><label> Telefonnummer<br \/>\n<span class=\"wpcf7-form-control-wrap\" data-name=\"tel-212\"><input size=\"40\" maxlength=\"400\" class=\"wpcf7-form-control wpcf7-tel wpcf7-text wpcf7-validates-as-tel\" aria-invalid=\"false\" value=\"\" type=\"tel\" name=\"tel-212\" \/><\/span> <\/label>\n<\/p>\n<p><label> Ditt meddelande (valfritt)<br \/>\n<span class=\"wpcf7-form-control-wrap\" data-name=\"your-message\"><textarea cols=\"40\" rows=\"10\" maxlength=\"2000\" class=\"wpcf7-form-control wpcf7-textarea\" aria-invalid=\"false\" name=\"your-message\"><\/textarea><\/span> <\/label>\n<\/p>\n<p><input class=\"wpcf7-form-control wpcf7-submit has-spinner\" type=\"submit\" value=\"Skicka\" \/>\n<\/p><p style=\"display: none !important;\" class=\"akismet-fields-container\" data-prefix=\"_wpcf7_ak_\"><label>&#916;<textarea name=\"_wpcf7_ak_hp_textarea\" cols=\"45\" rows=\"8\" maxlength=\"100\"><\/textarea><\/label><input type=\"hidden\" id=\"ak_js_1\" name=\"_wpcf7_ak_js\" value=\"106\"\/><script>document.getElementById( \"ak_js_1\" ).setAttribute( \"value\", ( new Date() ).getTime() );<\/script><\/p><div class=\"wpcf7-response-output\" aria-hidden=\"true\"><\/div>\n<\/form>\n<\/div>\n\n<\/div>\n\n\n\n<div class=\"wp-block-column is-layout-flow wp-block-column-is-layout-flow\" style=\"flex-basis:33.33%\">\n<h4 class=\"wp-block-heading\" id=\"h-du-kan-aven-ringa-oss\">Du kan \u00e4ven ringa oss:<\/h4>\n\n\n\n<p>Sj\u00e4lvklart kan du \u00e4ven n\u00e5 oss p\u00e5 telefon:<\/p>\n\n\n\n<p>Marie:&nbsp;&nbsp; &nbsp;0706-217332<\/p>\n\n\n\n<p>Billy:&nbsp;&nbsp;&nbsp;&nbsp;&nbsp;&nbsp;0705-338592<\/p>\n<\/div>\n<\/div>\n\n\n\n<h2 class=\"wp-block-heading\" id=\"h-har-ligger-huset\">H\u00e4r ligger huset<\/h2>\n\n\n\n<iframe src=\"https:\/\/www.google.com\/maps\/embed?pb=!1m18!1m12!1m3!1d12583.839525534857!2d-0.7347103839259286!3d37.95472271855642!2m3!1f0!2f0!3f0!3m2!1i1024!2i768!4f13.1!3m3!1m2!1s0xd6307a2aecba153%3A0xca0f7a9514bf57c6!2sLos%20Altos%2C%2003185%20Torrevieja%2C%20Alicante%2C%20Spain!5e0!3m2!1sen!2sse!4v1740504595711!5m2!1sen!2sse\" width=\"900\" height=\"450\" style=\"border:0;\" allowfullscreen=\"\" loading=\"lazy\" referrerpolicy=\"no-referrer-when-downgrade\"><\/iframe>\n\n\n\n<p>En liten film om hur man hittar till v\u00e5rt hus via &#8221;stora v\u00e4gen&#8221; N-332.<\/p>\n\n\n\n<iframe loading=\"lazy\" width=\"900\" height=\"525\" src=\"https:\/\/www.youtube.com\/embed\/2UZ1vjwUUWY\" title=\"Los Altos road trip\" frameborder=\"0\" allow=\"accelerometer; autoplay; clipboard-write; encrypted-media; gyroscope; picture-in-picture; web-share\" referrerpolicy=\"strict-origin-when-cross-origin\" allowfullscreen><\/iframe>\n","protected":false},"excerpt":{"rendered":"<p>Kontakta oss g\u00e4rna Du kan \u00e4ven ringa oss: Sj\u00e4lvklart kan du \u00e4ven n\u00e5 oss p\u00e5 telefon: Marie:&nbsp;&nbsp; &nbsp;0706-217332 Billy:&nbsp;&nbsp;&nbsp;&nbsp;&nbsp;&nbsp;0705-338592 H\u00e4r [&hellip;]<\/p>\n","protected":false},"author":1,"featured_media":0,"parent":0,"menu_order":0,"comment_status":"closed","ping_status":"open","template":"","meta":{"site-sidebar-layout":"default","site-content-layout":"","ast-site-content-layout":"","site-content-style":"default","site-sidebar-style":"default","ast-global-header-display":"","ast-banner-title-visibility":"","ast-main-header-display":"","ast-hfb-above-header-display":"","ast-hfb-below-header-display":"","ast-hfb-mobile-header-display":"","site-post-title":"disabled","ast-breadcrumbs-content":"","ast-featured-img":"","footer-sml-layout":"","theme-transparent-header-meta":"","adv-header-id-meta":"","stick-header-meta":"","header-above-stick-meta":"","header-main-stick-meta":"","header-below-stick-meta":"","astra-migrate-meta-layouts":"default","ast-page-background-enabled":"default","ast-page-background-meta":{"desktop":{"background-color":"var(--ast-global-color-5)","background-image":"","background-repeat":"repeat","background-position":"center center","background-size":"auto","background-attachment":"scroll","background-type":"","background-media":"","overlay-type":"","overlay-color":"","overlay-opacity":"","overlay-gradient":""},"tablet":{"background-color":"","background-image":"","background-repeat":"repeat","background-position":"center center","background-size":"auto","background-attachment":"scroll","background-type":"","background-media":"","overlay-type":"","overlay-color":"","overlay-opacity":"","overlay-gradient":""},"mobile":{"background-color":"","background-image":"","background-repeat":"repeat","background-position":"center center","background-size":"auto","background-attachment":"scroll","background-type":"","background-media":"","overlay-type":"","overlay-color":"","overlay-opacity":"","overlay-gradient":""}},"ast-content-background-meta":{"desktop":{"background-color":"var(--ast-global-color-4)","background-image":"","background-repeat":"repeat","background-position":"center center","background-size":"auto","background-attachment":"scroll","background-type":"","background-media":"","overlay-type":"","overlay-color":"","overlay-opacity":"","overlay-gradient":""},"tablet":{"background-color":"var(--ast-global-color-4)","background-image":"","background-repeat":"repeat","background-position":"center center","background-size":"auto","background-attachment":"scroll","background-type":"","background-media":"","overlay-type":"","overlay-color":"","overlay-opacity":"","overlay-gradient":""},"mobile":{"background-color":"var(--ast-global-color-4)","background-image":"","background-repeat":"repeat","background-position":"center center","background-size":"auto","background-attachment":"scroll","background-type":"","background-media":"","overlay-type":"","overlay-color":"","overlay-opacity":"","overlay-gradient":""}},"footnotes":""},"class_list":["post-100","page","type-page","status-publish","hentry"],"yoast_head":"<!-- This site is optimized with the Yoast SEO Premium plugin v24.5 (Yoast SEO v26.0) - https:\/\/yoast.com\/wordpress\/plugins\/seo\/ -->\n<title>Kontakt - Radhus Uthyres i Torrevieja - Los Altos<\/title>\n<meta name=\"robots\" content=\"index, follow, max-snippet:-1, max-image-preview:large, max-video-preview:-1\" \/>\n<link rel=\"canonical\" href=\"https:\/\/losaltos.se\/index.php\/kontakt\/\" \/>\n<meta property=\"og:locale\" content=\"sv_SE\" \/>\n<meta property=\"og:type\" content=\"article\" \/>\n<meta property=\"og:title\" content=\"Kontakt\" \/>\n<meta property=\"og:description\" content=\"Kontakta oss g\u00e4rna Du kan \u00e4ven ringa oss: Sj\u00e4lvklart kan du \u00e4ven n\u00e5 oss p\u00e5 telefon: Marie:&nbsp;&nbsp; &nbsp;0706-217332 Billy:&nbsp;&nbsp;&nbsp;&nbsp;&nbsp;&nbsp;0705-338592 H\u00e4r [&hellip;]\" \/>\n<meta property=\"og:url\" content=\"https:\/\/losaltos.se\/index.php\/kontakt\/\" \/>\n<meta property=\"og:site_name\" content=\"Radhus Uthyres i Torrevieja - Los Altos\" \/>\n<meta property=\"article:modified_time\" content=\"2025-02-26T16:22:03+00:00\" \/>\n<meta property=\"og:image\" content=\"https:\/\/losaltos.se\/wp-content\/uploads\/2025\/02\/vinjett2.jpg\" \/>\n\t<meta property=\"og:image:width\" content=\"900\" \/>\n\t<meta property=\"og:image:height\" content=\"184\" \/>\n\t<meta property=\"og:image:type\" content=\"image\/jpeg\" \/>\n<meta name=\"twitter:card\" content=\"summary_large_image\" \/>\n<meta name=\"twitter:label1\" content=\"Ber\u00e4knad l\u00e4stid\" \/>\n\t<meta name=\"twitter:data1\" content=\"1 minut\" \/>\n<script type=\"application\/ld+json\" class=\"yoast-schema-graph\">{\"@context\":\"https:\/\/schema.org\",\"@graph\":[{\"@type\":\"WebPage\",\"@id\":\"https:\/\/losaltos.se\/index.php\/kontakt\/\",\"url\":\"https:\/\/losaltos.se\/index.php\/kontakt\/\",\"name\":\"Kontakt - Radhus Uthyres i Torrevieja - Los Altos\",\"isPartOf\":{\"@id\":\"https:\/\/losaltos.se\/#website\"},\"primaryImageOfPage\":{\"@id\":\"https:\/\/losaltos.se\/index.php\/kontakt\/#primaryimage\"},\"image\":{\"@id\":\"https:\/\/losaltos.se\/index.php\/kontakt\/#primaryimage\"},\"thumbnailUrl\":\"https:\/\/losaltos.se\/wp-content\/uploads\/2025\/02\/vinjett2.jpg\",\"datePublished\":\"2025-02-25T17:35:22+00:00\",\"dateModified\":\"2025-02-26T16:22:03+00:00\",\"breadcrumb\":{\"@id\":\"https:\/\/losaltos.se\/index.php\/kontakt\/#breadcrumb\"},\"inLanguage\":\"sv-SE\",\"potentialAction\":[{\"@type\":\"ReadAction\",\"target\":[\"https:\/\/losaltos.se\/index.php\/kontakt\/\"]}]},{\"@type\":\"ImageObject\",\"inLanguage\":\"sv-SE\",\"@id\":\"https:\/\/losaltos.se\/index.php\/kontakt\/#primaryimage\",\"url\":\"https:\/\/losaltos.se\/wp-content\/uploads\/2025\/02\/vinjett2.jpg\",\"contentUrl\":\"https:\/\/losaltos.se\/wp-content\/uploads\/2025\/02\/vinjett2.jpg\",\"width\":900,\"height\":184,\"caption\":\"Los Altos Strand\"},{\"@type\":\"BreadcrumbList\",\"@id\":\"https:\/\/losaltos.se\/index.php\/kontakt\/#breadcrumb\",\"itemListElement\":[{\"@type\":\"ListItem\",\"position\":1,\"name\":\"Hem\",\"item\":\"https:\/\/losaltos.se\/\"},{\"@type\":\"ListItem\",\"position\":2,\"name\":\"Kontakt\"}]},{\"@type\":\"WebSite\",\"@id\":\"https:\/\/losaltos.se\/#website\",\"url\":\"https:\/\/losaltos.se\/\",\"name\":\"Radhus Uthyres i Torrevieja - Los Altos\",\"description\":\"\",\"potentialAction\":[{\"@type\":\"SearchAction\",\"target\":{\"@type\":\"EntryPoint\",\"urlTemplate\":\"https:\/\/losaltos.se\/?s={search_term_string}\"},\"query-input\":{\"@type\":\"PropertyValueSpecification\",\"valueRequired\":true,\"valueName\":\"search_term_string\"}}],\"inLanguage\":\"sv-SE\"}]}<\/script>\n<!-- \/ Yoast SEO Premium plugin. -->","yoast_head_json":{"title":"Kontakt - Radhus Uthyres i Torrevieja - Los Altos","robots":{"index":"index","follow":"follow","max-snippet":"max-snippet:-1","max-image-preview":"max-image-preview:large","max-video-preview":"max-video-preview:-1"},"canonical":"https:\/\/losaltos.se\/index.php\/kontakt\/","og_locale":"sv_SE","og_type":"article","og_title":"Kontakt","og_description":"Kontakta oss g\u00e4rna Du kan \u00e4ven ringa oss: Sj\u00e4lvklart kan du \u00e4ven n\u00e5 oss p\u00e5 telefon: Marie:&nbsp;&nbsp; &nbsp;0706-217332 Billy:&nbsp;&nbsp;&nbsp;&nbsp;&nbsp;&nbsp;0705-338592 H\u00e4r [&hellip;]","og_url":"https:\/\/losaltos.se\/index.php\/kontakt\/","og_site_name":"Radhus Uthyres i Torrevieja - Los Altos","article_modified_time":"2025-02-26T16:22:03+00:00","og_image":[{"width":900,"height":184,"url":"https:\/\/losaltos.se\/wp-content\/uploads\/2025\/02\/vinjett2.jpg","type":"image\/jpeg"}],"twitter_card":"summary_large_image","twitter_misc":{"Ber\u00e4knad l\u00e4stid":"1 minut"},"schema":{"@context":"https:\/\/schema.org","@graph":[{"@type":"WebPage","@id":"https:\/\/losaltos.se\/index.php\/kontakt\/","url":"https:\/\/losaltos.se\/index.php\/kontakt\/","name":"Kontakt - Radhus Uthyres i Torrevieja - Los Altos","isPartOf":{"@id":"https:\/\/losaltos.se\/#website"},"primaryImageOfPage":{"@id":"https:\/\/losaltos.se\/index.php\/kontakt\/#primaryimage"},"image":{"@id":"https:\/\/losaltos.se\/index.php\/kontakt\/#primaryimage"},"thumbnailUrl":"https:\/\/losaltos.se\/wp-content\/uploads\/2025\/02\/vinjett2.jpg","datePublished":"2025-02-25T17:35:22+00:00","dateModified":"2025-02-26T16:22:03+00:00","breadcrumb":{"@id":"https:\/\/losaltos.se\/index.php\/kontakt\/#breadcrumb"},"inLanguage":"sv-SE","potentialAction":[{"@type":"ReadAction","target":["https:\/\/losaltos.se\/index.php\/kontakt\/"]}]},{"@type":"ImageObject","inLanguage":"sv-SE","@id":"https:\/\/losaltos.se\/index.php\/kontakt\/#primaryimage","url":"https:\/\/losaltos.se\/wp-content\/uploads\/2025\/02\/vinjett2.jpg","contentUrl":"https:\/\/losaltos.se\/wp-content\/uploads\/2025\/02\/vinjett2.jpg","width":900,"height":184,"caption":"Los Altos Strand"},{"@type":"BreadcrumbList","@id":"https:\/\/losaltos.se\/index.php\/kontakt\/#breadcrumb","itemListElement":[{"@type":"ListItem","position":1,"name":"Hem","item":"https:\/\/losaltos.se\/"},{"@type":"ListItem","position":2,"name":"Kontakt"}]},{"@type":"WebSite","@id":"https:\/\/losaltos.se\/#website","url":"https:\/\/losaltos.se\/","name":"Radhus Uthyres i Torrevieja - Los Altos","description":"","potentialAction":[{"@type":"SearchAction","target":{"@type":"EntryPoint","urlTemplate":"https:\/\/losaltos.se\/?s={search_term_string}"},"query-input":{"@type":"PropertyValueSpecification","valueRequired":true,"valueName":"search_term_string"}}],"inLanguage":"sv-SE"}]}},"_links":{"self":[{"href":"https:\/\/losaltos.se\/index.php\/wp-json\/wp\/v2\/pages\/100","targetHints":{"allow":["GET"]}}],"collection":[{"href":"https:\/\/losaltos.se\/index.php\/wp-json\/wp\/v2\/pages"}],"about":[{"href":"https:\/\/losaltos.se\/index.php\/wp-json\/wp\/v2\/types\/page"}],"author":[{"embeddable":true,"href":"https:\/\/losaltos.se\/index.php\/wp-json\/wp\/v2\/users\/1"}],"replies":[{"embeddable":true,"href":"https:\/\/losaltos.se\/index.php\/wp-json\/wp\/v2\/comments?post=100"}],"version-history":[{"count":0,"href":"https:\/\/losaltos.se\/index.php\/wp-json\/wp\/v2\/pages\/100\/revisions"}],"wp:attachment":[{"href":"https:\/\/losaltos.se\/index.php\/wp-json\/wp\/v2\/media?parent=100"}],"curies":[{"name":"wp","href":"https:\/\/api.w.org\/{rel}","templated":true}]}}